{"id":137,"date":"2019-04-26T11:50:34","date_gmt":"2019-04-26T09:50:34","guid":{"rendered":"http:\/\/www.biurosiwik.pl\/?page_id=137"},"modified":"2019-04-26T11:51:00","modified_gmt":"2019-04-26T09:51:00","slug":"elementor-137","status":"publish","type":"page","link":"https:\/\/www.biurosiwik.pl\/?page_id=137","title":{"rendered":"Klauzula informacyjna RODO"},"content":{"rendered":"\t\t<div data-elementor-type=\"wp-post\" data-elementor-id=\"137\" class=\"elementor elementor-137\">\n\t\t\t\t\t\t<section class=\"elementor-section elementor-top-section elementor-element elementor-element-20d8a3b1 elementor-section-boxed elementor-section-height-default elementor-section-height-default\" data-id=\"20d8a3b1\" data-element_type=\"section\" data-e-type=\"section\">\n\t\t\t\t\t\t<div class=\"elementor-container elementor-column-gap-default\">\n\t\t\t\t\t<div class=\"elementor-column elementor-col-100 elementor-top-column elementor-element elementor-element-39498f7c\" data-id=\"39498f7c\" data-element_type=\"column\" data-e-type=\"column\">\n\t\t\t<div class=\"elementor-widget-wrap elementor-element-populated\">\n\t\t\t\t\t\t<div class=\"elementor-element elementor-element-5dfdf114 elementor-widget elementor-widget-text-editor\" data-id=\"5dfdf114\" data-element_type=\"widget\" data-e-type=\"widget\" data-widget_type=\"text-editor.default\">\n\t\t\t\t<div class=\"elementor-widget-container\">\n\t\t\t\t\t\t\t\t\t<p><\/p>\n<p><\/p>\n<p>1.Administratorem Twoich danych osobowych przekazanych na dokumentach jest Alina Siwik Biuro Rachunkowe z siedzib\u0105 98-220 Zdu\u0144ska Wola ul. Stefana \u017beromskiego 5 , zwany dalej: \u201eAdministratorem\u201d. Mo\u017cna skontaktowa\u0107 si\u0119 z Administratorem pisz\u0105c na adres: asiwik@vp.pl lub telefonuj\u0105c pod numer: 609\u00a0146\u00a0789.<\/p>\n<p><\/p>\n<p>2.Podstaw\u0105 prawn\u0105 przetwarzania otrzymanych danych osobowych jest cel wykonania us\u0142ugi ksi\u0119gowej polegaj\u0105cej na sporz\u0105dzeniu: deklaracji podatkowych , do ZUS lub innych wniosk\u00f3w, dla wykonania kt\u00f3rego przetwarzanie danych osobowych jest niezb\u0119dne.<\/p>\n<p><\/p>\n<p>3.Twoje dane osobowe przetwarzane s\u0105 wy\u0142\u0105cznie dla cel\u00f3w zwi\u0105zanych z realizacj\u0105 us\u0142ugi ksi\u0119gowej.<\/p>\n<p><\/p>\n<p>4.Podanie danych osobowych nie jest obowi\u0105zkowe, jednak\u017ce ich niepodanie spowoduje, \u017ce wykonanie us\u0142ugi ksi\u0119gowej b\u0119d\u0105 niemo\u017cliwe.<\/p>\n<p><\/p>\n<p>5.Twoje dane b\u0119d\u0105 przechowywane nie d\u0142u\u017cej ni\u017c jest to konieczne, tj. archiwizacji danych zgodnie z ustawami podatkowymi.<\/p>\n<p><\/p>\n<p>6.Administrator nie zamierza przekazywa\u0107 Twoich danych do pa\u0144stwa trzeciego ani do organizacji mi\u0119dzynarodowych.<\/p>\n<p><\/p>\n<p>7.Masz prawo \u017c\u0105da\u0107 od Administratora dost\u0119pu do swoich danych, ich sprostowania, przenoszenia i usuni\u0119cia, a tak\u017ce prawo do ograniczenia przetwarzania danych.<\/p>\n<p><\/p>\n<p>8.W zwi\u0105zku z przetwarzaniem Twoich danych osobowych przez Administratora przys\u0142uguje Ci prawo wniesienia skargi do organu nadzorczego.<\/p>\n<p><\/p>\n<p>9.W oparciu o Twoje dane osobowe Administrator nie b\u0119dzie podejmowa\u0142 wobec Ciebie zautomatyzowanych decyzji, w tym decyzji b\u0119d\u0105cych wynikiem profilowania*.<\/p>\n<p><\/p>\n<p>* Profilowanie oznacza dowoln\u0105 form\u0119 zautomatyzowanego przetwarzania danych osobowych, kt\u00f3re polega na wykorzystaniu danych osobowych do oceny niekt\u00f3rych czynnik\u00f3w osobowych osoby fizycznej, w szczeg\u00f3lno\u015bci do analizy lub prognozy aspekt\u00f3w dotycz\u0105cych pracy tej osoby fizycznej, jej sytuacji ekonomicznej, zdrowia, osobistych preferencji, zainteresowa\u0144, wiarygodno\u015bci, zachowania, lokalizacji lub przemieszczania si\u0119.<\/p>\n<p><\/p>\t\t\t\t\t\t\t\t<\/div>\n\t\t\t\t<\/div>\n\t\t\t\t\t<\/div>\n\t\t<\/div>\n\t\t\t\t\t<\/div>\n\t\t<\/section>\n\t\t\t\t<\/div>\n\t\t","protected":false},"excerpt":{"rendered":"<p>1.Administratorem Twoich danych osobowych przekazanych na dokumentach jest Alina Siwik Biuro Rachunkowe z siedzib\u0105 98-220 Zdu\u0144ska Wola ul. Stefana \u017beromskiego 5 , zwany dalej: \u201eAdministratorem\u201d. Mo\u017cna skontaktowa\u0107 si\u0119 z Administratorem pisz\u0105c na adres: asiwik@vp.pl lub telefonuj\u0105c pod numer: 609\u00a0146\u00a0789. 2.Podstaw\u0105 prawn\u0105 przetwarzania otrzymanych danych osobowych jest cel wykonania us\u0142ugi ksi\u0119gowej [&hellip;]<\/p>\n","protected":false},"author":1,"featured_media":0,"parent":0,"menu_order":0,"comment_status":"closed","ping_status":"closed","template":"","meta":{"_themeisle_gutenberg_block_has_review":false,"footnotes":""},"class_list":["post-137","page","type-page","status-publish","hentry"],"_links":{"self":[{"href":"https:\/\/www.biurosiwik.pl\/index.php?rest_route=\/wp\/v2\/pages\/137","targetHints":{"allow":["GET"]}}],"collection":[{"href":"https:\/\/www.biurosiwik.pl\/index.php?rest_route=\/wp\/v2\/pages"}],"about":[{"href":"https:\/\/www.biurosiwik.pl\/index.php?rest_route=\/wp\/v2\/types\/page"}],"author":[{"embeddable":true,"href":"https:\/\/www.biurosiwik.pl\/index.php?rest_route=\/wp\/v2\/users\/1"}],"replies":[{"embeddable":true,"href":"https:\/\/www.biurosiwik.pl\/index.php?rest_route=%2Fwp%2Fv2%2Fcomments&post=137"}],"version-history":[{"count":4,"href":"https:\/\/www.biurosiwik.pl\/index.php?rest_route=\/wp\/v2\/pages\/137\/revisions"}],"predecessor-version":[{"id":172,"href":"https:\/\/www.biurosiwik.pl\/index.php?rest_route=\/wp\/v2\/pages\/137\/revisions\/172"}],"wp:attachment":[{"href":"https:\/\/www.biurosiwik.pl\/index.php?rest_route=%2Fwp%2Fv2%2Fmedia&parent=137"}],"curies":[{"name":"wp","href":"https:\/\/api.w.org\/{rel}","templated":true}]}}